{"id":24584,"date":"2018-08-01T15:09:04","date_gmt":"2018-08-01T15:09:04","guid":{"rendered":"https:\/\/colegiobs.eu\/carta-del-director\/"},"modified":"2018-08-01T15:09:04","modified_gmt":"2018-08-01T15:09:04","slug":"carta-del-director","status":"publish","type":"page","link":"https:\/\/colegiobs.eu\/en\/carta-del-director\/","title":{"rendered":"Carta del Director"},"content":{"rendered":"<div class=\"wpb-content-wrapper\"><p>[vc_row][vc_column][vc_row_inner][vc_column_inner width=&#8221;1\/2&#8243;][vc_single_image image=&#8221;22572&#8243; img_size=&#8221;full&#8221; css_animation=&#8221;slideInLeft&#8221;][\/vc_column_inner][vc_column_inner width=&#8221;1\/2&#8243;][vc_column_text]Queridos padres,<\/p>\n<p>Hay palabras que cuando las uso, me gusta hacerlo sin quitar su verdadero sentido, una de esas palabras es \u201cFelicidad\u201d.<\/p>\n<p>Cuando en el CBS, The British School of Seville decimos que \u201c<span style=\"color: #143c67;\"><strong>queremos que nuestros hijos sean felices mientras se forman para que lo sean en el futuro<\/strong><\/span>\u201d nos referimos a la felicidad que hace que una vida cobre verdadero sentido.<\/p>\n<p>Un sabio me dijo que en la vida resulta siempre mucho m\u00e1s f\u00e1cil ser feliz, cuando los que te rodean lo son. Haciendo estas palabras m\u00edas, me siento una persona verdaderamente privilegiada estando al frente del equipo del CBS.<\/p>\n<p>Cuando te sientes <b>respetado<\/b> por los dem\u00e1s, cuando sientes la <b>solidaridad<\/b> en los momentos que m\u00e1s la necesitas, cuando ves que tu trabajo puedes hacerlo gracias a que a tu alrededor hay gente <b>responsable<\/b> cumpliendo con su parte del deber, cuando sientes que te integran de forma <b>tolerante<\/b>, a pesar de las diferencias con los dem\u00e1s y cuando ves que todo esto es as\u00ed, sin titubeos y con <b>determinaci\u00f3n<\/b> inquebrantable, es cuando sientes que tu vida est\u00e1 llena de felicidad y de \u00e9xito.[\/vc_column_text][\/vc_column_inner][\/vc_row_inner][\/vc_column][\/vc_row][vc_row][vc_column][vc_column_text]<span style=\"color: #143c67;\"><strong>Si queremos que nuestros alumnos alcancen el \u00e9xito y sean hombres y mujeres formados y capaces de hacer una sociedad mejor y m\u00e1s feliz, tenemos que mostrarles el camino a trav\u00e9s de los valores.<\/strong><\/span><\/p>\n<p>Esta tautolog\u00eda es tan simple como cierta, por eso me siento verdaderamente realizado en el <span style=\"color: #143c67;\"><strong>CBS, The British School of Seville<\/strong><\/span>, donde ayudamos a nuestros alumnos a mantener sus valores firmes, de tal manera que puedan hacer felices a los que est\u00e9n a su alrededor y esa felicidad, como ocurre con la ley de conservaci\u00f3n de la energ\u00eda en la naturaleza, siempre retorna.<\/p>\n<p><span style=\"color: #143c67;\"><strong>Agust\u00edn Aycart Mars\u00e1<\/strong><\/span><br \/>\n<span style=\"color: #143c67;\">School Principal | Director del Centro<\/span><br \/>\n<span style=\"color: #143c67;\">CBS, The British School of Seville<\/span>[\/vc_column_text][vc_column_text][\/vc_column_text][\/vc_column][\/vc_row][vc_row][vc_column][vc_separator]<div class=\"thim-widget-heading template-base\"><div class=\"sc_heading  text-center\"><h3 class=\"title\"> <span class=\"thim-color\">NUESTRO COLEGIO<\/span><\/h3><span class=\"line\"><\/span><\/div><\/div>[\/vc_column][\/vc_row][vc_row][vc_column width=&#8221;1\/6&#8243;][vc_btn title=&#8221;Ideario&#8221; style=&#8221;flat&#8221; shape=&#8221;square&#8221; color=&#8221;primary&#8221; align=&#8221;center&#8221; i_icon_fontawesome=&#8221;fas fa-heart&#8221; button_block=&#8221;true&#8221; add_icon=&#8221;true&#8221; link=&#8221;url:https%3A%2F%2Fcolegiobs.eu%2Fconozcanos%2Fideario%2F|target:_blank&#8221;][\/vc_column][vc_column width=&#8221;1\/6&#8243;][vc_btn title=&#8221;Con\u00f3zcanos&#8221; style=&#8221;flat&#8221; shape=&#8221;square&#8221; color=&#8221;primary&#8221; align=&#8221;center&#8221; i_icon_fontawesome=&#8221;fas fa-users&#8221; button_block=&#8221;true&#8221; add_icon=&#8221;true&#8221; link=&#8221;url:https%3A%2F%2Fcolegiobs.eu%2Fconozcanos%2F|target:_blank&#8221;][\/vc_column][vc_column width=&#8221;1\/6&#8243;][vc_btn title=&#8221;Curriculum&#8221; style=&#8221;flat&#8221; shape=&#8221;square&#8221; color=&#8221;primary&#8221; align=&#8221;center&#8221; i_icon_fontawesome=&#8221;fas fa-graduation-cap&#8221; button_block=&#8221;true&#8221; add_icon=&#8221;true&#8221; link=&#8221;url:https%3A%2F%2Fcolegiobs.eu%2Fprograma-educativo%2F|target:_blank&#8221;][\/vc_column][vc_column width=&#8221;1\/6&#8243;][vc_btn title=&#8221;Servicios&#8221; style=&#8221;flat&#8221; shape=&#8221;square&#8221; color=&#8221;primary&#8221; align=&#8221;center&#8221; i_icon_fontawesome=&#8221;fas fa-school&#8221; button_block=&#8221;true&#8221; add_icon=&#8221;true&#8221; link=&#8221;url:https%3A%2F%2Fcolegiobs.eu%2Fnuestro-colegio%2Fservicios%2F|target:_blank&#8221;][\/vc_column][vc_column width=&#8221;1\/6&#8243;][vc_btn title=&#8221;Open Days&#8221; style=&#8221;flat&#8221; shape=&#8221;square&#8221; color=&#8221;primary&#8221; align=&#8221;center&#8221; i_icon_fontawesome=&#8221;fas fa-door-open&#8221; button_block=&#8221;true&#8221; add_icon=&#8221;true&#8221; link=&#8221;url:https%3A%2F%2Fcolegiobs.eu%2Fconozcanos%2Fjornadas-puertas-abiertas%2F|target:_blank&#8221;][\/vc_column][vc_column width=&#8221;1\/6&#8243;][vc_btn title=&#8221;Himno&#8221; style=&#8221;flat&#8221; shape=&#8221;square&#8221; color=&#8221;primary&#8221; align=&#8221;center&#8221; i_icon_fontawesome=&#8221;fas fa-music&#8221; button_block=&#8221;true&#8221; add_icon=&#8221;true&#8221; link=&#8221;url:https%3A%2F%2Fcolegiobs.eu%2Fhimno-del-cbs%2F|target:_blank&#8221;][\/vc_column][\/vc_row]<\/p>\n<\/div>","protected":false},"excerpt":{"rendered":"<p>[vc_row][vc_column][vc_row_inner][vc_column_inner width=&#8221;1\/2&#8243;][vc_single_image image=&#8221;22572&#8243; img_size=&#8221;full&#8221; css_animation=&#8221;slideInLeft&#8221;][\/vc_column_inner][vc_column_inner width=&#8221;1\/2&#8243;][vc_column_text]Queridos padres, Hay palabras que cuando las uso, me gusta hacerlo sin quitar su verdadero sentido, una de esas palabras es \u201cFelicidad\u201d. Cuando en el CBS, The British School of Seville decimos que \u201cqueremos que &hellip; <\/p>\n","protected":false},"author":2,"featured_media":0,"parent":0,"menu_order":0,"comment_status":"closed","ping_status":"closed","template":"","meta":{"_joinchat":[],"footnotes":""},"class_list":["post-24584","page","type-page","status-publish","hentry"],"_links":{"self":[{"href":"https:\/\/colegiobs.eu\/en\/wp-json\/wp\/v2\/pages\/24584","targetHints":{"allow":["GET"]}}],"collection":[{"href":"https:\/\/colegiobs.eu\/en\/wp-json\/wp\/v2\/pages"}],"about":[{"href":"https:\/\/colegiobs.eu\/en\/wp-json\/wp\/v2\/types\/page"}],"author":[{"embeddable":true,"href":"https:\/\/colegiobs.eu\/en\/wp-json\/wp\/v2\/users\/2"}],"replies":[{"embeddable":true,"href":"https:\/\/colegiobs.eu\/en\/wp-json\/wp\/v2\/comments?post=24584"}],"version-history":[{"count":0,"href":"https:\/\/colegiobs.eu\/en\/wp-json\/wp\/v2\/pages\/24584\/revisions"}],"wp:attachment":[{"href":"https:\/\/colegiobs.eu\/en\/wp-json\/wp\/v2\/media?parent=24584"}],"curies":[{"name":"wp","href":"https:\/\/api.w.org\/{rel}","templated":true}]}}