{"id":24605,"date":"2023-04-27T12:02:02","date_gmt":"2023-04-27T11:02:02","guid":{"rendered":"https:\/\/colegiobs.eu\/politica-de-privacidad\/"},"modified":"2023-04-27T12:02:03","modified_gmt":"2023-04-27T11:02:03","slug":"politica-de-privacidad","status":"publish","type":"page","link":"https:\/\/colegiobs.eu\/en\/politica-de-privacidad\/","title":{"rendered":"Pol\u00edtica de Privacidad"},"content":{"rendered":"<div class=\"wpb-content-wrapper\"><p>[vc_row][vc_column][vc_column_text]<\/p>\n<h3><span style=\"color: #143c67;\"><strong>Responsable del tratamiento de los datos personales<\/strong><\/span><\/h3>\n<p>De acuerdo a lo establecido en la normativa vigente, art. 24 del Reglamento 2016\/679 del Parlamento Europeo y del Consejo de 27 de Abril de 2016 (en adelante, RGPD) le informamos que los datos personales que pueda facilitar durante el uso de la web <a href=\"https:\/\/britishschoolofseville.eu\/\" target=\"_blank\" rel=\"noopener noreferrer\">&nbsp;https:\/\/colegiobs.eu<\/a>&nbsp;(en adelante \u201cla WEB\u201d) ser\u00e1n tratados en calidad de Responsable del tratamiento por <strong>COLEGIO BRIT\u00c1NICO DE SEVILLA, S.L<\/strong>., con CIF B-91825471 y direcci\u00f3n en Urbanizaci\u00f3n la Juliana, Parcelas 40A-40B, 41110 Bollullos de la Mitaci\u00f3n \u2013 Sevilla.<\/p>\n<p>Del mismo modo, cumpliendo as\u00ed las exigencias del art\u00edculo 13 del RGPD referente a la informaci\u00f3n que debe facilitarse cuando los datos personales sean recabados del interesado, a continuaci\u00f3n, vamos a facilitarle dicha informaci\u00f3n, en los siguientes apartados. &nbsp;&nbsp;<\/p>\n<h3><span style=\"color: #143c67;\"><b>Obligaci\u00f3n a facilitar los datos personales<\/b><\/span><\/h3>\n<p>La visita a la WEB no supone que el USUARIO est\u00e9 obligado a facilitar ninguna informaci\u00f3n sobre s\u00ed mismo. No obstante, el uso de algunos de los servicios disponible en la WEB depende de la cumplimentaci\u00f3n de formularios de informaci\u00f3n personal. <\/p>\n<p>Los datos que se soliciten en los diferentes formularios de la WEB son los necesarios para prestar los servicios solicitados. La negativa a proporcionar los datos se\u00f1alados como necesarios puede suponer la imposibilidad de prestar adecuadamente dichos servicios. As\u00ed mismo, podr\u00e1 facilitar datos de modo voluntario con el objetivo de que puedan prestarse de modo \u00f3ptimo estos servicios.<\/p>\n<p>Igualmente, determinadas funcionalidades de la web dependen de que usted autorice el tratamiento de sus datos personales. Por ello, seg\u00fan dispone el art. 7 del Reglamento Europeo 2016\/679 (en adelante, RGPD) el usuario desde el momento en que incorpora los datos personales y acepta la incorporaci\u00f3n de los mismos consiente el uso de los mismos para la finalidad declarada.<\/p>\n<h3><span style=\"color: #143c67;\"><b>Finalidad del Tratamiento de los datos personales<\/b><\/span><\/h3>\n<p>Los datos personales que facilite para la prestaci\u00f3n de los distintos servicios puestos a disposici\u00f3n a trav\u00e9s del sitio WEB ser\u00e1n tratados por COLEGIO BRIT\u00c1NICO DE SEVILLA, conforme a las siguientes finalidades:<\/p>\n<ul>\n<li>En el caso de&nbsp;<b>Registro online<\/b>, la finalidad es gestionar la creaci\u00f3n de una cuenta de USUARIO para la atenci\u00f3n de los diferentes servicios ofrecidos por COLEGIO BRIT\u00c1NICO DE SEVILLA, S.L. &nbsp;que permiten la tramitaci\u00f3n telem\u00e1tica de los diferentes servicios registrales.<\/li>\n<li>En el caso de que incluir alg\u00fan correo de contacto facilitado, la finalidad ser\u00e1 la contestaci\u00f3n a la solicitud realizada.<\/li>\n<li>En el caso de&nbsp;<b>Servicios de atenci\u00f3n telef\u00f3nica, las llamadas realizadas al servicio de Atenci\u00f3n al Cliente de COLEGIO BRIT\u00c1NICO DE SEVILLA pueden ser grabadas por motivos de calidad del servicio.<\/b><\/li>\n<li>Igualmente, le informamos que determinadas funcionalidades de la WEB dependen del uso de COOKIES, por lo que, en el caso de que no haya denegado la posibilidad de su uso, se proceder\u00e1 al tratamiento de determinada informaci\u00f3n relacionada con su uso de la WEB. Puede ver las condiciones para su uso en la \u201cPol\u00edtica de Cookies\u201d.<\/li>\n<\/ul>\n<p>En el momento de solicitar cualquiera de los servicios o hacer uso de las funcionalidades indicadas, se le ofrecer\u00e1 informaci\u00f3n m\u00e1s detallada sobre los concretos tratamientos.<\/p>\n<h3><span style=\"color: #143c67;\"><b>Duraci\u00f3n del tratamiento de los datos personales<\/b><\/span><\/h3>\n<p>Los datos del USUARIO ser\u00e1n conservados mientras sean necesarios para la prestaci\u00f3n de los servicios solicitados y, una vez finalizada dicha prestaci\u00f3n, sus datos ser\u00e1n conservados durante el tiempo estrictamente necesario, o bien por el legalmente establecido para las posibles responsabilidades derivadas del servicio prestado.<\/p>\n<p>En el caso de los USUARIOS registrados, el tratamiento de los datos se mantendr\u00e1 igualmente por el tiempo estrictamente necesario, o bien hasta la solicitud de la baja de la cuenta creada en base a su derecho de supresi\u00f3n.<\/p>\n<p>En el caso de grabaci\u00f3n de llamadas telef\u00f3nicas por motivos de calidad, el tiempo m\u00e1ximo de conservaci\u00f3n ser\u00e1 de seis meses.<\/p>\n<h3><span style=\"color: #143c67;\"><b>Categor\u00eda de los datos personales<\/b><\/span><\/h3>\n<p>Los datos personales necesarios para la prestaci\u00f3n de los diferentes servicios disponibles en la WEB ser\u00e1n los indicados en el correspondiente formulario habilitado a tal efecto.<\/p>\n<h3><span style=\"color: #143c67;\"><b>Legitimaci\u00f3n del tratamiento de los datos personales<\/b><\/span><\/h3>\n<p>El tratamiento de los datos del USUARIO por parte de <strong>COLEGIO BRIT\u00c1NICO DE SEVILLA<\/strong> se ampara en la solicitud por parte del USUARIO de los servicios puestos a disposici\u00f3n a trav\u00e9s de la WEB o, en su caso, en el consentimiento que se le solicite para finalidades determinadas, y que podr\u00e1 retirar en cualquier momento. No obstante, en caso de revocar su consentimiento, ello no afectar\u00e1 a la licitud de los tratamientos efectuados con anterioridad.<\/p>\n<h3><span style=\"color: #143c67;\"><b>Destinatarios de los datos personales<\/b><\/span><\/h3>\n<p>Los datos personales facilitados por el USUARIO no ser\u00e1n comunicados a terceros, salvo que ello fuera necesario para la prestaci\u00f3n de los servicios solicitados, o cuando el USUARIO hubiera aceptado expresamente su comunicaci\u00f3n. En ambos supuestos, el USUARIO ser\u00e1 debidamente informado de dicha posibilidad antes de proceder a la comunicaci\u00f3n de sus datos personales.<\/p>\n<h3><span style=\"color: #143c67;\"><b>Responsabilidad del usuario de los datos personales<\/b><\/span><\/h3>\n<p>El USUARIO ser\u00e1 responsable de que los datos que facilite a <strong>COLEGIO BRIT\u00c1NICO DE SEVILLA, S.L.<\/strong> sean verdaderos, exactos, completos y actualizados. A estos efectos, el USUARIO responder\u00e1 de la veracidad de todos los datos que comunique y deber\u00e1 mantener debidamente actualizada la informaci\u00f3n facilitada, de tal forma que responda a su situaci\u00f3n real.<\/p>\n<p>Igualmente, ser\u00e1 responsable de las informaciones falsas o inexactas que proporcione a trav\u00e9s del sitio WEB y de los da\u00f1os y perjuicios -directos o indirectos- que ello cause a <strong>COLEGIO BRIT\u00c1NICO DE SEVILLA, S.L<\/strong>. o a terceros.<\/p>\n<h3><span style=\"color: #143c67;\"><b>Derechos de los usuarios<\/b><\/span><\/h3>\n<p>El USUARIO puede enviar un escrito a la direcci\u00f3n de <strong>COLEGIO BRIT\u00c1NICO DE SEVILLA<\/strong> o a trav\u00e9s de correo electr\u00f3nico <a href=\"mailto:info@colegiobs.eu\">info@colegiobs.eu<\/a>, con la Referencia \u201c<b>Protecci\u00f3n de Datos<\/b>\u201d, adjuntando fotocopia de su documento de identidad, en cualquier momento y de manera gratuita, para:<\/p>\n<ul>\n<li>Revocar los consentimientos otorgados.<\/li>\n<li>Acceder a sus datos personales.<\/li>\n<li>Rectificar los datos inexactos o incompletos.<\/li>\n<li>Solicitar la supresi\u00f3n de sus datos cuando, entre otros motivos, los datos ya no sean necesarios para los fines que fueron recogidos.<\/li>\n<li>Obtener de <strong>COLEGIO BRIT\u00c1NICO DE SEVILLA, S.L.<\/strong> la limitaci\u00f3n del tratamiento de los datos cuando se cumpla alguna de las condiciones previstas en la normativa de protecci\u00f3n de datos.<\/li>\n<li>Solicitar la portabilidad de sus datos.<\/li>\n<li>Reclamar ante la Agencia Espa\u00f1ola de Protecci\u00f3n de Datos cuando el interesado considere que COLEGIO BRIT\u00c1NICO DE SEVILLA, S.L. ha vulnerado los derechos que le son reconocidos por la normativa aplicable en protecci\u00f3n de datos.<\/li>\n<\/ul>\n<h3><span style=\"color: #143c67;\"><b>Seguridad en el Tratamiento de los datos personales<\/b><\/span><\/h3>\n<p><strong>COLEGIO BRIT\u00c1NICO DE SEVILLA, S.L.<\/strong> tratar\u00e1 los datos del USUARIO en todo momento de forma absolutamente confidencial y guardando el preceptivo deber de secreto respecto de los mismos, de conformidad con lo previsto en la normativa de aplicaci\u00f3n, adoptando al efecto las medidas de \u00edndole t\u00e9cnica y organizativas necesarias que garanticen la seguridad de sus datos y eviten su alteraci\u00f3n, p\u00e9rdida, tratamiento o acceso no autorizado, habida cuenta del estado de la tecnolog\u00eda, la naturaleza de los datos almacenados y los riesgos a que est\u00e1n expuestos.<\/p>\n<h3><span style=\"color: #143c67;\"><strong>Modificaciones de la Pol\u00edtica de Privacidad<\/strong><\/span><\/h3>\n<p><strong>COLEGIO BRIT\u00c1NICO DE SEVILLA, S.L.<\/strong> se reserva el derecho a modificar la presente Pol\u00edtica de Privacidad a fin de adaptarla a las novedades legislativas que fueran procedentes. En dichos supuestos, anunciar\u00e1 en el sitio WEB los cambios introducidos con una antelaci\u00f3n razonable a la de su puesta en pr\u00e1ctica.[\/vc_column_text][\/vc_column][\/vc_row]<\/p>\n<\/div>","protected":false},"excerpt":{"rendered":"<p>[vc_row][vc_column][vc_column_text] Responsable del tratamiento de los datos personales De acuerdo a lo establecido en la normativa vigente, art. 24 del Reglamento 2016\/679 del Parlamento Europeo y del Consejo de 27 de Abril de 2016 (en adelante, RGPD) le informamos que &hellip; <\/p>\n","protected":false},"author":2,"featured_media":0,"parent":0,"menu_order":0,"comment_status":"closed","ping_status":"closed","template":"","meta":{"_joinchat":[],"footnotes":""},"class_list":["post-24605","page","type-page","status-publish","hentry"],"_links":{"self":[{"href":"https:\/\/colegiobs.eu\/en\/wp-json\/wp\/v2\/pages\/24605","targetHints":{"allow":["GET"]}}],"collection":[{"href":"https:\/\/colegiobs.eu\/en\/wp-json\/wp\/v2\/pages"}],"about":[{"href":"https:\/\/colegiobs.eu\/en\/wp-json\/wp\/v2\/types\/page"}],"author":[{"embeddable":true,"href":"https:\/\/colegiobs.eu\/en\/wp-json\/wp\/v2\/users\/2"}],"replies":[{"embeddable":true,"href":"https:\/\/colegiobs.eu\/en\/wp-json\/wp\/v2\/comments?post=24605"}],"version-history":[{"count":2,"href":"https:\/\/colegiobs.eu\/en\/wp-json\/wp\/v2\/pages\/24605\/revisions"}],"predecessor-version":[{"id":24607,"href":"https:\/\/colegiobs.eu\/en\/wp-json\/wp\/v2\/pages\/24605\/revisions\/24607"}],"wp:attachment":[{"href":"https:\/\/colegiobs.eu\/en\/wp-json\/wp\/v2\/media?parent=24605"}],"curies":[{"name":"wp","href":"https:\/\/api.w.org\/{rel}","templated":true}]}}