{"id":24608,"date":"2023-04-27T12:04:35","date_gmt":"2023-04-27T11:04:35","guid":{"rendered":"https:\/\/colegiobs.eu\/politica-de-cookies\/"},"modified":"2023-04-27T12:06:01","modified_gmt":"2023-04-27T11:06:01","slug":"cookies","status":"publish","type":"page","link":"https:\/\/colegiobs.eu\/en\/cookies\/","title":{"rendered":"Cookies Policy"},"content":{"rendered":"<div class=\"wpb-content-wrapper\"><p>[vc_row][vc_column][vc_column_text]<span style=\"font-weight: 400;\">En cumplimiento de la Ley 34\/2002, de 11 de julio de Servicios de la Sociedad de la Informaci\u00f3n y Comercio Electr\u00f3nico le informamos de que el presente sitio colegiobs.eu<\/span><span style=\"font-weight: 400;\">\u00a0<\/span><span style=\"font-weight: 400;\">es titularidad de CBS, Colegio Brit\u00e1nico de Sevilla S.L.<\/span><span style=\"font-weight: 400;\">.<\/span> <span style=\"font-weight: 400;\">Esta web utiliza cookies propias y de <\/span><b>terceros<\/b><span style=\"font-weight: 400;\"> para analizar su navegaci\u00f3n y mejorar funcionalidad, rendimiento y mostrar contenido \u00fatil de la web. <\/span><\/p>\n<p><span style=\"font-weight: 400;\">El prop\u00f3sito de nuestra Pol\u00edtica de Cookies es ayudarle a comprender las definiciones y funciones gen\u00e9ricas de las cookies, el tipo de cookies y uso que hacemos de las mismas,\u00a0 esclarecer su finalidad,\u00a0 identificar qui\u00e9n utiliza las cookies, as\u00ed como las opciones que tiene el usuario para aceptar, denegar, revocar o el consentimiento o eliminar las cookies. Tambi\u00e9n le informaremos si se lleva a cabo transferencias internacionales de datos y elaboraci\u00f3n de perfiles.\u00a0\u00a0<\/span><\/p>\n<p><span style=\"font-weight: 400;\">Los usuarios pueden acceder a esta informaci\u00f3n en todo momento a trav\u00e9s del link habilitado en la web. Asimismo, podr\u00e1n modificar sus preferencias sobre la aceptaci\u00f3n de cookies.<\/span><\/p>\n<p><b>\u00bfQU\u00c9 SON LAS COOKIES?\u00a0<\/b><\/p>\n<p><span style=\"font-weight: 400;\">Una cookie es un peque\u00f1o fragmento de texto que los sitios web que visitas env\u00edan al navegador y que permite que el sitio web recuerde informaci\u00f3n sobre tu visita.\u00a0<\/span><\/p>\n<p><span style=\"font-weight: 400;\">Este sitio web utiliza cookies y\/o tecnolog\u00edas similares que almacenan y recuperan informaci\u00f3n cuando navegas. En general, estas tecnolog\u00edas pueden servir para finalidades muy diversas, como, por ejemplo,\u00a0 recordar tu idioma preferido, reconocerte como usuario, obtener informaci\u00f3n sobre tus h\u00e1bitos de navegaci\u00f3n, o personalizar la forma en que se muestra el contenido y otras opciones, lo que puede facilitar tu pr\u00f3xima visita y hacer que el sitio te resulte m\u00e1s \u00fatil. Las cookies desempe\u00f1an un papel muy importante, ya que sin ellas el uso de la Web ser\u00eda una experiencia mucho m\u00e1s frustrante.<\/span><\/p>\n<p><span style=\"font-weight: 400;\">Los usos concretos que hacemos de estas tecnolog\u00edas se describen a continuaci\u00f3n.<\/span><\/p>\n<p><b>\u00bfQU\u00c9 TIPOS DE COOKIES EXISTEN?<\/b><\/p>\n<p><span style=\"font-weight: 400;\">Las cookies, en funci\u00f3n de la <\/span><span style=\"font-weight: 400;\">entidad<\/span><span style=\"font-weight: 400;\"> que las gestione:<\/span><\/p>\n<p><b>Cookies propias: <\/b><span style=\"font-weight: 400;\">gestionadas por el dominio al que el usuario accede y del que solicita un determinado servicio (en este caso los dominios titularidad de <\/span><span style=\"font-weight: 400;\">la web)<\/span><\/p>\n<p><b>Cookies de tercero:<\/b><span style=\"font-weight: 400;\"> enviadas al equipo terminal del usuario desde un dominio o equipo diferente al que se accede.<\/span><\/p>\n<p><span style=\"font-weight: 400;\">Las cookies, en funci\u00f3n de la <\/span><span style=\"font-weight: 400;\">finalidad:<\/span><\/p>\n<p><b>Cookies t\u00e9cnicas<\/b><span style=\"font-weight: 400;\">: permiten al usuario la navegaci\u00f3n a trav\u00e9s de una p\u00e1gina web, plataforma o aplicaci\u00f3n y la utilizaci\u00f3n de las diferentes opciones o servicios que en ella existan, incluyendo aquellas que el editor utiliza para permitir la gesti\u00f3n y operativa de la p\u00e1gina web y habilitar sus funciones y servicios, como, por ejemplo, controlar el tr\u00e1fico y la comunicaci\u00f3n de datos, identificar la sesi\u00f3n, acceder a partes de acceso restringido, recordar los elementos que integran un pedido, realizar el proceso de compra de un pedido, gestionar el pago, controlar el fraude vinculado a la seguridad del servicio, realizar la solicitud de inscripci\u00f3n o participaci\u00f3n en un evento, contar visitas a efectos de la facturaci\u00f3n de licencias del software con el que funciona el\u00a0<\/span><\/p>\n<p><b>Cookies de preferencias o personalizaci\u00f3n<\/b><span style=\"font-weight: 400;\">:\u00a0 permiten recordar informaci\u00f3n para que el usuario acceda al servicio con determinadas caracter\u00edsticas (por ejemplo, el idioma)<\/span><\/p>\n<p><b>Cookies de an\u00e1lisis o medici\u00f3n<\/b><span style=\"font-weight: 400;\">: este tipo de cookies se utiliza en la medici\u00f3n de la actividad de los sitios web, aplicaci\u00f3n o plataforma, con el fin de introducir mejoras en funci\u00f3n del an\u00e1lisis de los datos de uso que hacen los usuarios del servicio.<\/span><\/p>\n<p><b>Cookies de publicidad comportamental:<\/b><span style=\"font-weight: 400;\"> almacenan informaci\u00f3n del comportamiento del usuario obtenida a trav\u00e9s de la observaci\u00f3n continuada de sus h\u00e1bitos de navegaci\u00f3n, lo que permite desarrollar un perfil espec\u00edfico para mostrar publicidad.\u00a0<\/span><\/p>\n<p><span style=\"font-weight: 400;\">Las cookies seg\u00fan el <\/span><span style=\"font-weight: 400;\">plazo de tiempo que permanecen activadas<\/span><span style=\"font-weight: 400;\">:<\/span><\/p>\n<p><b>Cookies de sesi\u00f3n: <\/b><span style=\"font-weight: 400;\">se borrar\u00e1n una vez el usuario abandone la p\u00e1gina web que las gener\u00f3 o <\/span><span style=\"font-weight: 400;\">\u201cpersistentes\u201d, que permanecen en su ordenador hasta una fecha determinada.<\/span><\/p>\n<p><b>Cookies persistentes: <\/b><span style=\"font-weight: 400;\">los datos siguen almacenados en el terminal y pueden ser accedidos y tratados durante un periodo definido por el responsable.<\/span><\/p>\n<p><b>\u00bfQU\u00c9 TIPO DE COOKIES UTILIZAMOS?\u00a0\u00a0\u00a0<\/b><\/p>\n<ul>\n<li><b>COOKIES PROPIAS O ESTRICTAMENTE NECESARIAS\u00a0<\/b><\/li>\n<\/ul>\n<p><span style=\"font-weight: 400;\">Son aquellas que se env\u00edan al equipo terminal del usuario desde un equipo o dominio gestionado por el propio editor y desde el que se presta el servicio solicitado por el usuario.<\/span><\/p>\n<p><span style=\"font-weight: 400;\">Las cookies necesarias ayudan a hacer una p\u00e1gina web utilizable activando funciones b\u00e1sicas como la navegaci\u00f3n en la p\u00e1gina y el acceso a \u00e1reas seguras de la p\u00e1gina web. Estas cookies son necesarias para que el sitio web funcione y no pueden desactivarse en los sistemas.\u00a0 La p\u00e1gina web no puede funcionar adecuadamente sin estas cookies. Por lo general, solo se configuran en respuesta a las acciones que realizas al solicitar servicios, como establecer tus preferencias de privacidad, iniciar sesi\u00f3n o completar formularios. Puedes configurar tu navegador para bloquear o alertar sobre estas cookies, pero algunas \u00e1reas del sitio web no funcionar\u00e1n. Estas cookies no almacenan ning\u00fan dato personal.<\/span><\/p>\n<ul>\n<li><b>COOKIES DE AN\u00c1LISIS\u00a0<\/b><\/li>\n<\/ul>\n<p><span style=\"font-weight: 400;\">Recopilar y unificar en informes estad\u00edsticos sobre el tr\u00e1fico de cada sitio, audiencia total, visitas a p\u00e1ginas concretas, seguimiento de clicks sobre determinadas partes del sitio, etc. Sabremos c\u00f3mo usas nuestra p\u00e1gina web, qu\u00e9 secciones son las m\u00e1s o las menos visitadas, y al mismo tiempo poder ofrecerte informaci\u00f3n sobre nuestros productos y servicios.<\/span><b><\/b><\/p>\n<p><strong>\u00bfC\u00d3MO DESHABILITAR LAS COOKIES?<\/strong><\/p>\n<p><span style=\"font-weight: 400;\">En todo momento, y al menos, durante la instalaci\u00f3n o puesta al d\u00eda del navegador,\u00a0 puede usted aceptar o rechazar la instalaci\u00f3n de cookies, o bien rechazar la instalaci\u00f3n de un determinado tipo de cookies, como las cookies de terceros, cambiando la configuraci\u00f3n de su navegador. Adem\u00e1s, despu\u00e9s de cada sesi\u00f3n puede eliminar todas o algunas de las cookies almacenadas.<\/span><\/p>\n<p><span style=\"font-weight: 400;\">Adem\u00e1s, despu\u00e9s de cada sesi\u00f3n puede eliminar todas o algunas de las cookies almacenadas. Asimismo el usuario puede activar:<\/span><\/p>\n<ul>\n<li style=\"font-weight: 400;\"><span style=\"font-weight: 400;\">La navegaci\u00f3n privada, mediante la cual su navegador deja de guardar el historial de navegaci\u00f3n, contrase\u00f1as de sitios web, cookies y otra informaci\u00f3n de las p\u00e1ginas que visita.<\/span><\/li>\n<li style=\"font-weight: 400;\"><span style=\"font-weight: 400;\">La funci\u00f3n de no rastrear, por la que el navegador pide a los sitios web que visita que no rastreen sus h\u00e1bitos de navegaci\u00f3n, para por ejemplo, servirle publicidad de su inter\u00e9s en los sitios que visita.<\/span><\/li>\n<\/ul>\n<p><span style=\"font-weight: 400;\">Le recomendamos que consulte la ayuda de su navegador para informarse de las diferentes opciones sobre c\u00f3mo gestionar las cookies. Puede encontrar informaci\u00f3n sobre c\u00f3mo gestionar sus preferencias sobre cookies en los navegadores m\u00e1s habituales a trav\u00e9s de los enlaces siguientes:<\/span><\/p>\n<ul>\n<li><a href=\"https:\/\/support.microsoft.com\/es-es\/help\/17442\/windows-internet-explorer-delete-manage-cookies\" target=\"_blank\" rel=\"noopener\"><span style=\"font-weight: 400;\">Internet Explorer\u00a0<\/span><\/a><\/li>\n<li style=\"font-weight: 400;\"><a href=\"https:\/\/support.mozilla.org\/es\/kb\/habilitar-y-deshabilitar-cookies-sitios-web-rastrear-preferencias?redirectlocale=es&amp;redirectslug=habilitar-y-deshabilitar-cookies-que-los-sitios-we\" target=\"_blank\" rel=\"noopener\"><span style=\"font-weight: 400;\">Firefox\u00a0<\/span><\/a><\/li>\n<li style=\"font-weight: 400;\"><a href=\"https:\/\/support.apple.com\/es-es\/guide\/safari\/sfri11471\/mac\" target=\"_blank\" rel=\"noopener\"><span style=\"font-weight: 400;\">Safari\u00a0<\/span><\/a><\/li>\n<li style=\"font-weight: 400;\"><a href=\"https:\/\/support.google.com\/chrome\/answer\/95647?hl=es\" target=\"_blank\" rel=\"noopener\"><span style=\"font-weight: 400;\">Google<\/span> <span style=\"font-weight: 400;\">Chrome\u00a0<\/span><\/a><\/li>\n<li style=\"font-weight: 400;\"><a href=\"https:\/\/help.opera.com\/en\/latest\/web-preferences\/\" target=\"_blank\" rel=\"noopener\"><span style=\"font-weight: 400;\">Opera\u00a0<\/span><\/a><\/li>\n<\/ul>\n<p><span style=\"font-weight: 400;\">Tenga en cuenta que el bloqueo de cookies puede afectar a todas o algunas de las funcionalidades de nuestra web.<\/span><\/p>\n<p><span style=\"font-weight: 400;\">Puedes informarte de las transferencias a terceros pa\u00edses que, en su caso, realizan los terceros identificados en esta pol\u00edtica de cookies en sus correspondientes pol\u00edticas (ver los enlaces facilitados en el apartado \u201cCookies de terceros\u201d).<\/span><\/p>\n<p><span style=\"font-weight: 400;\">Quedan <\/span><b>exceptuadas<\/b><span style=\"font-weight: 400;\"> de la obligaci\u00f3n de informaci\u00f3n y consentimiento las cookies que tienen por finalidad: (i)\u00a0 Cookies de \u00abentrada del usuario\u00bb; (ii) Cookies de autenticaci\u00f3n o identificaci\u00f3n de usuario (\u00fanicamente de sesi\u00f3n); (iii)\u00a0 Cookies de seguridad del usuario; (iv) Cookies de sesi\u00f3n de reproductor multimedia; (v)\u00a0 Cookies de sesi\u00f3n para equilibrar la carga; (vi) Cookies de personalizaci\u00f3n de la interfaz de usuario; (vii)\u00a0 Cookies de complemento (plug-in) para intercambiar contenidos sociales<\/span><\/p>\n<p><span style=\"font-weight: 400;\">En relaci\u00f3n con el resto de informaci\u00f3n que no se refiera de forma espec\u00edfica a las cookies puede dirigirse a nuestra <\/span><b>Pol\u00edtica de Privacidad o Aviso Legal.\u00a0<\/b><\/p>\n<p><span style=\"font-weight: 400;\">Si tienes alguna pregunta o duda acerca de esta Pol\u00edtica de Cookies, puedes ponerte en contacto con nosotros a trav\u00e9s de<\/span> <span style=\"font-weight: 400;\">webmaster@entornocbs.eu<\/span>\u00a0<span style=\"font-weight: 400;\">Informaci\u00f3n completa acerca de la normativa aplicable en materia de cookies en la p\u00e1gina web de la Agencia Espa\u00f1ola de Protecci\u00f3n de Datos. <\/span><a href=\"http:\/\/www.aepd.es\" target=\"_blank\" rel=\"noopener\"><span style=\"font-weight: 400;\">www.aepd.es<\/span><\/a><span style=\"font-weight: 400;\">\u00a0<\/span>[\/vc_column_text][\/vc_column][\/vc_row]<\/p>\n<\/div>","protected":false},"excerpt":{"rendered":"<p>[vc_row][vc_column][vc_column_text]En cumplimiento de la Ley 34\/2002, de 11 de julio de Servicios de la Sociedad de la Informaci\u00f3n y Comercio Electr\u00f3nico le informamos de que el presente sitio colegiobs.eu\u00a0es titularidad de CBS, Colegio Brit\u00e1nico de Sevilla S.L.. Esta web utiliza &hellip; <\/p>\n","protected":false},"author":2,"featured_media":0,"parent":0,"menu_order":0,"comment_status":"closed","ping_status":"closed","template":"","meta":{"_joinchat":[],"footnotes":""},"class_list":["post-24608","page","type-page","status-publish","hentry"],"_links":{"self":[{"href":"https:\/\/colegiobs.eu\/en\/wp-json\/wp\/v2\/pages\/24608","targetHints":{"allow":["GET"]}}],"collection":[{"href":"https:\/\/colegiobs.eu\/en\/wp-json\/wp\/v2\/pages"}],"about":[{"href":"https:\/\/colegiobs.eu\/en\/wp-json\/wp\/v2\/types\/page"}],"author":[{"embeddable":true,"href":"https:\/\/colegiobs.eu\/en\/wp-json\/wp\/v2\/users\/2"}],"replies":[{"embeddable":true,"href":"https:\/\/colegiobs.eu\/en\/wp-json\/wp\/v2\/comments?post=24608"}],"version-history":[{"count":3,"href":"https:\/\/colegiobs.eu\/en\/wp-json\/wp\/v2\/pages\/24608\/revisions"}],"predecessor-version":[{"id":24611,"href":"https:\/\/colegiobs.eu\/en\/wp-json\/wp\/v2\/pages\/24608\/revisions\/24611"}],"wp:attachment":[{"href":"https:\/\/colegiobs.eu\/en\/wp-json\/wp\/v2\/media?parent=24608"}],"curies":[{"name":"wp","href":"https:\/\/api.w.org\/{rel}","templated":true}]}}